{"id":674,"date":"2025-01-10T16:31:36","date_gmt":"2025-01-10T16:31:36","guid":{"rendered":"https:\/\/espaielectric.com\/?page_id=674"},"modified":"2025-01-10T17:30:36","modified_gmt":"2025-01-10T17:30:36","slug":"formulario","status":"publish","type":"page","link":"https:\/\/espaielectric.com\/es\/formulario\/","title":{"rendered":"Formulario"},"content":{"rendered":"<div data-elementor-type=\"wp-page\" data-elementor-id=\"674\" class=\"elementor elementor-674\" data-elementor-post-type=\"page\">\n\t\t\t\t<div class=\"elementor-element elementor-element-e68be09 e-flex e-con-boxed e-con e-parent\" data-id=\"e68be09\" data-element_type=\"container\" data-e-type=\"container\">\n\t\t\t\t\t<div class=\"e-con-inner\">\n\t\t\t\t<div class=\"elementor-element elementor-element-8a351f5 elementor-button-align-stretch elementor-widget elementor-widget-form\" data-id=\"8a351f5\" data-element_type=\"widget\" data-e-type=\"widget\" data-settings=\"{&quot;step_next_label&quot;:&quot;Siguiente&quot;,&quot;step_previous_label&quot;:&quot;Anterior&quot;,&quot;button_width&quot;:&quot;100&quot;,&quot;step_type&quot;:&quot;number_text&quot;,&quot;step_icon_shape&quot;:&quot;circle&quot;}\" data-widget_type=\"form.default\">\n\t\t\t\t<div class=\"elementor-widget-container\">\n\t\t\t\t\t\t\t<form class=\"elementor-form\" method=\"post\" name=\"Nuevo formulario\" aria-label=\"Nuevo formulario\" action=\"\">\n\t\t\t<input type=\"hidden\" name=\"post_id\" value=\"674\"\/>\n\t\t\t<input type=\"hidden\" name=\"form_id\" value=\"8a351f5\"\/>\n\t\t\t<input type=\"hidden\" name=\"referer_title\" value=\"Formulario\" \/>\n\n\t\t\t\t\t\t\t<input type=\"hidden\" name=\"queried_id\" value=\"674\"\/>\n\t\t\t\n\t\t\t<div class=\"elementor-form-fields-wrapper elementor-labels-above\">\n\t\t\t\t\t\t\t\t<div class=\"elementor-field-type-text elementor-field-group elementor-column elementor-field-group-name elementor-col-100\">\n\t\t\t\t\t\t\t\t\t\t\t\t<label for=\"form-field-name\" class=\"elementor-field-label\">\n\t\t\t\t\t\t\t\tN\u00famero\t\t\t\t\t\t\t<\/label>\n\t\t\t\t\t\t\t\t\t\t\t\t\t\t<input size=\"1\" type=\"text\" name=\"form_fields[name]\" id=\"form-field-name\" class=\"elementor-field elementor-size-sm  elementor-field-textual\" placeholder=\"N\u00famero\">\n\t\t\t\t\t\t\t\t\t\t\t<\/div>\n\t\t\t\t\t\t\t\t<div class=\"elementor-field-type-tel elementor-field-group elementor-column elementor-field-group-field_e1c9c53 elementor-col-100\">\n\t\t\t\t\t\t\t\t\t\t\t\t<label for=\"form-field-field_e1c9c53\" class=\"elementor-field-label\">\n\t\t\t\t\t\t\t\tTel\u00e9fono\t\t\t\t\t\t\t<\/label>\n\t\t\t\t\t\t\t\t<input size=\"1\" type=\"tel\" name=\"form_fields[field_e1c9c53]\" id=\"form-field-field_e1c9c53\" class=\"elementor-field elementor-size-sm  elementor-field-textual\" placeholder=\"Tel\u00e9fono\" pattern=\"[0-9()#&amp;+*-=.]+\" title=\"Only numbers and phone characters (#, -, *, etc) are accepted.\">\n\n\t\t\t\t\t\t<\/div>\n\t\t\t\t\t\t\t\t<div class=\"elementor-field-type-text elementor-field-group elementor-column elementor-field-group-field_73ed2ef elementor-col-100\">\n\t\t\t\t\t\t\t\t\t\t\t\t<label for=\"form-field-field_73ed2ef\" class=\"elementor-field-label\">\n\t\t\t\t\t\t\t\tPoblaci\u00f3n\t\t\t\t\t\t\t<\/label>\n\t\t\t\t\t\t\t\t\t\t\t\t\t\t<input size=\"1\" type=\"text\" name=\"form_fields[field_73ed2ef]\" id=\"form-field-field_73ed2ef\" class=\"elementor-field elementor-size-sm  elementor-field-textual\" placeholder=\"Poblaci\u00f3n\">\n\t\t\t\t\t\t\t\t\t\t\t<\/div>\n\t\t\t\t\t\t\t\t<div class=\"elementor-field-type-select elementor-field-group elementor-column elementor-field-group-field_a266626 elementor-col-100 elementor-field-required\">\n\t\t\t\t\t\t\t\t\t\t\t\t<label for=\"form-field-field_a266626\" class=\"elementor-field-label\">\n\t\t\t\t\t\t\t\t1.\u00bfEn qu\u00e9 tipo de vivienda reside?\t\t\t\t\t\t\t<\/label>\n\t\t\t\t\t\t\t\t<div class=\"elementor-field elementor-select-wrapper remove-before\">\n\t\t\t<div class=\"select-caret-down-wrapper\">\n\t\t\t\t<svg aria-hidden=\"true\" class=\"e-font-icon-svg e-eicon-caret-down\" viewbox=\"0 0 571.4 571.4\" xmlns=\"http:\/\/www.w3.org\/2000\/svg\"><path d=\"M571 393Q571 407 561 418L311 668Q300 679 286 679T261 668L11 418Q0 407 0 393T11 368 36 357H536Q550 357 561 368T571 393Z\"><\/path><\/svg>\t\t\t<\/div>\n\t\t\t<select name=\"form_fields[field_a266626]\" id=\"form-field-field_a266626\" class=\"elementor-field-textual elementor-size-sm\" required=\"required\">\n\t\t\t\t\t\t\t\t\t<option value=\"Seleccione\">Seleccione<\/option>\n\t\t\t\t\t\t\t\t\t<option value=\"A. Piso en un bloque de viviendas.\">A. Piso en un bloque de viviendas.<\/option>\n\t\t\t\t\t\t\t\t\t<option value=\"B. Casa unifamiliar.\">B. Casa unifamiliar.<\/option>\n\t\t\t\t\t\t\t\t\t<option value=\"C. Casa pareada.\">C. Casa pareada.<\/option>\n\t\t\t\t\t\t\t\t\t<option value=\"D. Otro.\">D. Otro.<\/option>\n\t\t\t\t\t\t\t\t\t<option value=\"\"><\/option>\n\t\t\t\t\t\t\t<\/select>\n\t\t<\/div>\n\t\t\t\t\t\t<\/div>\n\t\t\t\t\t\t\t\t<div class=\"elementor-field-type-html elementor-field-group elementor-column elementor-field-group-field_8475527 elementor-col-100\">\n\t\t\t\t\tCOMENTARIOS: Cuantos a\u00f1os lleva viviendo en este domicilio, o cualquier otra informaci\u00f3n que considere relevante en este apartat.\t\t\t\t<\/div>\n\t\t\t\t\t\t\t\t<div class=\"elementor-field-type-select elementor-field-group elementor-column elementor-field-group-field_140b003 elementor-col-100 elementor-field-required\">\n\t\t\t\t\t\t\t\t\t\t\t\t<label for=\"form-field-field_140b003\" class=\"elementor-field-label\">\n\t\t\t\t\t\t\t\t2. \u00bfEn qu\u00e9 a\u00f1o se construy\u00f3 su vivienda?    \t\t\t\t\t\t\t<\/label>\n\t\t\t\t\t\t\t\t<div class=\"elementor-field elementor-select-wrapper remove-before\">\n\t\t\t<div class=\"select-caret-down-wrapper\">\n\t\t\t\t<svg aria-hidden=\"true\" class=\"e-font-icon-svg e-eicon-caret-down\" viewbox=\"0 0 571.4 571.4\" xmlns=\"http:\/\/www.w3.org\/2000\/svg\"><path d=\"M571 393Q571 407 561 418L311 668Q300 679 286 679T261 668L11 418Q0 407 0 393T11 368 36 357H536Q550 357 561 368T571 393Z\"><\/path><\/svg>\t\t\t<\/div>\n\t\t\t<select name=\"form_fields[field_140b003]\" id=\"form-field-field_140b003\" class=\"elementor-field-textual elementor-size-sm\" required=\"required\">\n\t\t\t\t\t\t\t\t\t<option value=\"Seleccione\">Seleccione<\/option>\n\t\t\t\t\t\t\t\t\t<option value=\"A. Antes de 1980.\">A. Antes de 1980.<\/option>\n\t\t\t\t\t\t\t\t\t<option value=\"B. Entre 1980 y 2006.\">B. Entre 1980 y 2006.<\/option>\n\t\t\t\t\t\t\t\t\t<option value=\"D. Entre 2006 y 2013\">D. Entre 2006 y 2013<\/option>\n\t\t\t\t\t\t\t\t\t<option value=\"C. Despu\u00e9s de 2013.\">C. Despu\u00e9s de 2013.<\/option>\n\t\t\t\t\t\t\t\t\t<option value=\"E. No lo s\u00e9\">E. No lo s\u00e9<\/option>\n\t\t\t\t\t\t\t\t\t<option value=\"\"><\/option>\n\t\t\t\t\t\t\t\t\t<option value=\"\"><\/option>\n\t\t\t\t\t\t\t<\/select>\n\t\t<\/div>\n\t\t\t\t\t\t<\/div>\n\t\t\t\t\t\t\t\t<div class=\"elementor-field-type-html elementor-field-group elementor-column elementor-field-group-field_788f4d7 elementor-col-100\">\n\t\t\t\t\tCOMENTARIOS: Cualquier informaci\u00f3n que considere relevante en este apartado.\t\t\t\t<\/div>\n\t\t\t\t\t\t\t\t<div class=\"elementor-field-type-select elementor-field-group elementor-column elementor-field-group-field_f0d2fec elementor-col-100 elementor-field-required\">\n\t\t\t\t\t\t\t\t\t\t\t\t<label for=\"form-field-field_f0d2fec\" class=\"elementor-field-label\">\n\t\t\t\t\t\t\t\t3. \u00bfQu\u00e9 tipo de aislamiento tiene su vivienda?  \t\t\t\t\t\t\t<\/label>\n\t\t\t\t\t\t\t\t<div class=\"elementor-field elementor-select-wrapper remove-before\">\n\t\t\t<div class=\"select-caret-down-wrapper\">\n\t\t\t\t<svg aria-hidden=\"true\" class=\"e-font-icon-svg e-eicon-caret-down\" viewbox=\"0 0 571.4 571.4\" xmlns=\"http:\/\/www.w3.org\/2000\/svg\"><path d=\"M571 393Q571 407 561 418L311 668Q300 679 286 679T261 668L11 418Q0 407 0 393T11 368 36 357H536Q550 357 561 368T571 393Z\"><\/path><\/svg>\t\t\t<\/div>\n\t\t\t<select name=\"form_fields[field_f0d2fec]\" id=\"form-field-field_f0d2fec\" class=\"elementor-field-textual elementor-size-sm\" required=\"required\">\n\t\t\t\t\t\t\t\t\t<option value=\"Seleccione\">Seleccione<\/option>\n\t\t\t\t\t\t\t\t\t<option value=\"A. El de origen.\">A. El de origen.<\/option>\n\t\t\t\t\t\t\t\t\t<option value=\"B. He reforzado el aislamiento de paredes y\/o techos.\">B. He reforzado el aislamiento de paredes y\/o techos.<\/option>\n\t\t\t\t\t\t\t\t\t<option value=\"C. He modificado el acristalamiento y el cierre de las ventanas.\">C. He modificado el acristalamiento y el cierre de las ventanas.<\/option>\n\t\t\t\t\t\t\t\t\t<option value=\"D. He dotado de aislamiento a las puertas.\">D. He dotado de aislamiento a las puertas.<\/option>\n\t\t\t\t\t\t\t\t\t<option value=\"E. Otros\">E. Otros<\/option>\n\t\t\t\t\t\t\t\t\t<option value=\"\"><\/option>\n\t\t\t\t\t\t\t<\/select>\n\t\t<\/div>\n\t\t\t\t\t\t<\/div>\n\t\t\t\t\t\t\t\t<div class=\"elementor-field-type-html elementor-field-group elementor-column elementor-field-group-field_1f6faee elementor-col-100\">\n\t\t\t\t\tCOMENTARIOS: Especificaci\u00f3n del tipo de modificaci\u00f3n efectuada, o cualquier otra informaci\u00f3n que considere relevante en este apartado.\t\t\t\t<\/div>\n\t\t\t\t\t\t\t\t<div class=\"elementor-field-type-select elementor-field-group elementor-column elementor-field-group-field_e1bbb26 elementor-col-100 elementor-field-required\">\n\t\t\t\t\t\t\t\t\t\t\t\t<label for=\"form-field-field_e1bbb26\" class=\"elementor-field-label\">\n\t\t\t\t\t\t\t\t4. \u00bfQu\u00e9 tecnolog\u00edas utiliza para cubrir las necesidades de climatizaci\u00f3n y ACS de su casa?\t\t\t\t\t\t\t<\/label>\n\t\t\t\t\t\t\t\t<div class=\"elementor-field elementor-select-wrapper remove-before\">\n\t\t\t<div class=\"select-caret-down-wrapper\">\n\t\t\t\t<svg aria-hidden=\"true\" class=\"e-font-icon-svg e-eicon-caret-down\" viewbox=\"0 0 571.4 571.4\" xmlns=\"http:\/\/www.w3.org\/2000\/svg\"><path d=\"M571 393Q571 407 561 418L311 668Q300 679 286 679T261 668L11 418Q0 407 0 393T11 368 36 357H536Q550 357 561 368T571 393Z\"><\/path><\/svg>\t\t\t<\/div>\n\t\t\t<select name=\"form_fields[field_e1bbb26]\" id=\"form-field-field_e1bbb26\" class=\"elementor-field-textual elementor-size-sm\" required=\"required\">\n\t\t\t\t\t\t\t\t\t<option value=\"Seleccione\">Seleccione<\/option>\n\t\t\t\t\t\t\t\t\t<option value=\"A. Caldera de gas.\">A. Caldera de gas.<\/option>\n\t\t\t\t\t\t\t\t\t<option value=\"B. Caldera de gasoil.\">B. Caldera de gasoil.<\/option>\n\t\t\t\t\t\t\t\t\t<option value=\"C. Calentador de gas\">C. Calentador de gas<\/option>\n\t\t\t\t\t\t\t\t\t<option value=\"D.Termo el\u00e9ctrico.\">D.Termo el\u00e9ctrico.<\/option>\n\t\t\t\t\t\t\t\t\t<option value=\"E. Calefactores el\u00e9ctricos.\">E. Calefactores el\u00e9ctricos.<\/option>\n\t\t\t\t\t\t\t\t\t<option value=\"F. Estufa\/Insert de biomasa\">F. Estufa\/Inserto de biomasa<\/option>\n\t\t\t\t\t\t\t\t\t<option value=\"G. Suelo radiante\">G. Suelo radiante<\/option>\n\t\t\t\t\t\t\t\t\t<option value=\"H. Bomba de calor\">H. Bomba de calor<\/option>\n\t\t\t\t\t\t\t\t\t<option value=\"I. Aire acondicionado\">I. Aire acondicionado<\/option>\n\t\t\t\t\t\t\t\t\t<option value=\"J. Ventiladores\">J. Ventiladores<\/option>\n\t\t\t\t\t\t\t\t\t<option value=\"K. Aerotermia \">K. Aerotermia <\/option>\n\t\t\t\t\t\t\t\t\t<option value=\"L. Geotermia \">L. Geotermia <\/option>\n\t\t\t\t\t\t\t\t\t<option value=\"LL. Paneles solares o t\u00e9rmicos.\">LL. Panelas solares o t\u00e9rmicos.<\/option>\n\t\t\t\t\t\t\t\t\t<option value=\"M. Paneles fotovoltaicos\">M. Panelas fotovoltaicos<\/option>\n\t\t\t\t\t\t\t\t\t<option value=\"N. Otros.\">N. Otros.<\/option>\n\t\t\t\t\t\t\t\t\t<option value=\"\"><\/option>\n\t\t\t\t\t\t\t<\/select>\n\t\t<\/div>\n\t\t\t\t\t\t<\/div>\n\t\t\t\t\t\t\t\t<div class=\"elementor-field-type-html elementor-field-group elementor-column elementor-field-group-field_876415c elementor-col-100\">\n\t\t\t\t\tCOMENTARIOS: Especificaci\u00f3n de otros o cualquier otra informaci\u00f3n que considere relevante en este apartado.\t\t\t\t<\/div>\n\t\t\t\t\t\t\t\t<div class=\"elementor-field-type-select elementor-field-group elementor-column elementor-field-group-field_89537c4 elementor-col-100 elementor-field-required\">\n\t\t\t\t\t\t\t\t\t\t\t\t<label for=\"form-field-field_89537c4\" class=\"elementor-field-label\">\n\t\t\t\t\t\t\t\t5. \u00bfCon qu\u00e9 frecuencia utiliza sus sistemas de calefacci\u00f3n o refrigeraci\u00f3n? \t\t\t\t\t\t\t<\/label>\n\t\t\t\t\t\t\t\t<div class=\"elementor-field elementor-select-wrapper remove-before\">\n\t\t\t<div class=\"select-caret-down-wrapper\">\n\t\t\t\t<svg aria-hidden=\"true\" class=\"e-font-icon-svg e-eicon-caret-down\" viewbox=\"0 0 571.4 571.4\" xmlns=\"http:\/\/www.w3.org\/2000\/svg\"><path d=\"M571 393Q571 407 561 418L311 668Q300 679 286 679T261 668L11 418Q0 407 0 393T11 368 36 357H536Q550 357 561 368T571 393Z\"><\/path><\/svg>\t\t\t<\/div>\n\t\t\t<select name=\"form_fields[field_89537c4]\" id=\"form-field-field_89537c4\" class=\"elementor-field-textual elementor-size-sm\" required=\"required\">\n\t\t\t\t\t\t\t\t\t<option value=\"Seleccione\">Seleccione<\/option>\n\t\t\t\t\t\t\t\t\t<option value=\"A. Menos de 2 horas al d\u00eda.\">A. Menos de 2 horas al d\u00eda.<\/option>\n\t\t\t\t\t\t\t\t\t<option value=\"B. Entre 2 y 6 horas al d\u00eda.\">B. Entre 2 y 6 horas al d\u00eda.<\/option>\n\t\t\t\t\t\t\t\t\t<option value=\"C. M\u00e1s de 6 horas al d\u00eda.\">C. M\u00e1s de 6 horas al d\u00eda.<\/option>\n\t\t\t\t\t\t\t\t\t<option value=\"D. No lo s\u00e9.\">D. No lo s\u00e9.<\/option>\n\t\t\t\t\t\t\t\t\t<option value=\"\"><\/option>\n\t\t\t\t\t\t\t<\/select>\n\t\t<\/div>\n\t\t\t\t\t\t<\/div>\n\t\t\t\t\t\t\t\t<div class=\"elementor-field-type-html elementor-field-group elementor-column elementor-field-group-field_6861ade elementor-col-100\">\n\t\t\t\t\tCOMENTARIOS: Alguna peculiaridad en sus consumos o cualquier otra informaci\u00f3n que considere relevante en este apartado.\t\t\t\t<\/div>\n\t\t\t\t\t\t\t\t<div class=\"elementor-field-type-select elementor-field-group elementor-column elementor-field-group-field_22a4fe9 elementor-col-100 elementor-field-required\">\n\t\t\t\t\t\t\t\t\t\t\t\t<label for=\"form-field-field_22a4fe9\" class=\"elementor-field-label\">\n\t\t\t\t\t\t\t\t6. \u00bfRecuerda cual es la calificaci\u00f3n energ\u00e9tica de sus electrodom\u00e9sticos m\u00e1s usados (frigor\u00edfico, lavadora, secadora, lavavajillas, horno, televisor, etc\u2026)?\t\t\t\t\t\t\t<\/label>\n\t\t\t\t\t\t\t\t<div class=\"elementor-field elementor-select-wrapper remove-before\">\n\t\t\t<div class=\"select-caret-down-wrapper\">\n\t\t\t\t<svg aria-hidden=\"true\" class=\"e-font-icon-svg e-eicon-caret-down\" viewbox=\"0 0 571.4 571.4\" xmlns=\"http:\/\/www.w3.org\/2000\/svg\"><path d=\"M571 393Q571 407 561 418L311 668Q300 679 286 679T261 668L11 418Q0 407 0 393T11 368 36 357H536Q550 357 561 368T571 393Z\"><\/path><\/svg>\t\t\t<\/div>\n\t\t\t<select name=\"form_fields[field_22a4fe9]\" id=\"form-field-field_22a4fe9\" class=\"elementor-field-textual elementor-size-sm\" required=\"required\">\n\t\t\t\t\t\t\t\t\t<option value=\"Seleccione\">Seleccione<\/option>\n\t\t\t\t\t\t\t\t\t<option value=\"A. A++ o superior.\">A. A++ o superior.<\/option>\n\t\t\t\t\t\t\t\t\t<option value=\"B. B o C.\">B. B o C.<\/option>\n\t\t\t\t\t\t\t\t\t<option value=\"C. Otros.\">C. Otros.<\/option>\n\t\t\t\t\t\t\t\t\t<option value=\"D. Variable seg\u00fan el electrodom\u00e9stico.\">D. Variable seg\u00fan el electrodom\u00e9stico.<\/option>\n\t\t\t\t\t\t\t\t\t<option value=\"E. No lo s\u00e9.\">E. No lo s\u00e9.<\/option>\n\t\t\t\t\t\t\t<\/select>\n\t\t<\/div>\n\t\t\t\t\t\t<\/div>\n\t\t\t\t\t\t\t\t<div class=\"elementor-field-type-html elementor-field-group elementor-column elementor-field-group-field_6906cb0 elementor-col-100\">\n\t\t\t\t\tCOMENTARIOS: Cualquier informaci\u00f3n que considere relevante en este apartado.\t\t\t\t<\/div>\n\t\t\t\t\t\t\t\t<div class=\"elementor-field-type-select elementor-field-group elementor-column elementor-field-group-field_26dc111 elementor-col-100 elementor-field-required\">\n\t\t\t\t\t\t\t\t\t\t\t\t<label for=\"form-field-field_26dc111\" class=\"elementor-field-label\">\n\t\t\t\t\t\t\t\t7. \u00bfQu\u00e9 tipo de iluminaci\u00f3n predomina en su hogar? \t\t\t\t\t\t\t<\/label>\n\t\t\t\t\t\t\t\t<div class=\"elementor-field elementor-select-wrapper remove-before\">\n\t\t\t<div class=\"select-caret-down-wrapper\">\n\t\t\t\t<svg aria-hidden=\"true\" class=\"e-font-icon-svg e-eicon-caret-down\" viewbox=\"0 0 571.4 571.4\" xmlns=\"http:\/\/www.w3.org\/2000\/svg\"><path d=\"M571 393Q571 407 561 418L311 668Q300 679 286 679T261 668L11 418Q0 407 0 393T11 368 36 357H536Q550 357 561 368T571 393Z\"><\/path><\/svg>\t\t\t<\/div>\n\t\t\t<select name=\"form_fields[field_26dc111]\" id=\"form-field-field_26dc111\" class=\"elementor-field-textual elementor-size-sm\" required=\"required\">\n\t\t\t\t\t\t\t\t\t<option value=\"Seleccione\">Seleccione<\/option>\n\t\t\t\t\t\t\t\t\t<option value=\"A. Totalmente LED.\">A. Totalmente LED.<\/option>\n\t\t\t\t\t\t\t\t\t<option value=\"B. Mayoritariamente LED.\">B. Mayoritariamente LED.<\/option>\n\t\t\t\t\t\t\t\t\t<option value=\"C. Hal\u00f3genos o incandescentes.\">C. Hal\u00f3genos o incandescentes.<\/option>\n\t\t\t\t\t\t\t\t\t<option value=\"D.- No lo s\u00e9.\">D.- No lo s\u00e9.<\/option>\n\t\t\t\t\t\t\t\t\t<option value=\"\"><\/option>\n\t\t\t\t\t\t\t<\/select>\n\t\t<\/div>\n\t\t\t\t\t\t<\/div>\n\t\t\t\t\t\t\t\t<div class=\"elementor-field-type-html elementor-field-group elementor-column elementor-field-group-field_1ee0303 elementor-col-100\">\n\t\t\t\t\tCOMENTARIOS: Cualquier informaci\u00f3n que considere relevante en este apartado.\t\t\t\t<\/div>\n\t\t\t\t\t\t\t\t<div class=\"elementor-field-type-select elementor-field-group elementor-column elementor-field-group-field_c0fac38 elementor-col-100 elementor-field-required\">\n\t\t\t\t\t\t\t\t\t\t\t\t<label for=\"form-field-field_c0fac38\" class=\"elementor-field-label\">\n\t\t\t\t\t\t\t\t8. \u00bfTienes un coche el\u00e9ctrico o h\u00edbrido enchufable? \t\t\t\t\t\t\t<\/label>\n\t\t\t\t\t\t\t\t<div class=\"elementor-field elementor-select-wrapper remove-before\">\n\t\t\t<div class=\"select-caret-down-wrapper\">\n\t\t\t\t<svg aria-hidden=\"true\" class=\"e-font-icon-svg e-eicon-caret-down\" viewbox=\"0 0 571.4 571.4\" xmlns=\"http:\/\/www.w3.org\/2000\/svg\"><path d=\"M571 393Q571 407 561 418L311 668Q300 679 286 679T261 668L11 418Q0 407 0 393T11 368 36 357H536Q550 357 561 368T571 393Z\"><\/path><\/svg>\t\t\t<\/div>\n\t\t\t<select name=\"form_fields[field_c0fac38]\" id=\"form-field-field_c0fac38\" class=\"elementor-field-textual elementor-size-sm\" required=\"required\">\n\t\t\t\t\t\t\t\t\t<option value=\"Seleccione\">Seleccione<\/option>\n\t\t\t\t\t\t\t\t\t<option value=\"A. S\u00ed, cargo en casa.\">A. S\u00ed, cargo en casa.<\/option>\n\t\t\t\t\t\t\t\t\t<option value=\"B. S\u00ed, cargo en puntos p\u00fablicos.\">B. S\u00ed, cargo en puntos p\u00fablicos.<\/option>\n\t\t\t\t\t\t\t\t\t<option value=\"C. No tengo coche el\u00e9ctrico.\">C. No tengo coche el\u00e9ctrico.<\/option>\n\t\t\t\t\t\t\t\t\t<option value=\"\"><\/option>\n\t\t\t\t\t\t\t<\/select>\n\t\t<\/div>\n\t\t\t\t\t\t<\/div>\n\t\t\t\t\t\t\t\t<div class=\"elementor-field-type-html elementor-field-group elementor-column elementor-field-group-field_8a6225f elementor-col-100\">\n\t\t\t\t\tCOMENTARIOS: Si tiene intenci\u00f3n de adquirirlo en los pr\u00f3ximos meses o cualquier otra informaci\u00f3n que considere relevante en este apartado\t\t\t\t<\/div>\n\t\t\t\t\t\t\t\t<div class=\"elementor-field-type-select elementor-field-group elementor-column elementor-field-group-field_042b7dc elementor-col-100 elementor-field-required\">\n\t\t\t\t\t\t\t\t\t\t\t\t<label for=\"form-field-field_042b7dc\" class=\"elementor-field-label\">\n\t\t\t\t\t\t\t\t9. \u00bfC\u00f3mo calificar\u00eda el importe medio de la factura de la luz de su vivienda? \t\t\t\t\t\t\t<\/label>\n\t\t\t\t\t\t\t\t<div class=\"elementor-field elementor-select-wrapper remove-before\">\n\t\t\t<div class=\"select-caret-down-wrapper\">\n\t\t\t\t<svg aria-hidden=\"true\" class=\"e-font-icon-svg e-eicon-caret-down\" viewbox=\"0 0 571.4 571.4\" xmlns=\"http:\/\/www.w3.org\/2000\/svg\"><path d=\"M571 393Q571 407 561 418L311 668Q300 679 286 679T261 668L11 418Q0 407 0 393T11 368 36 357H536Q550 357 561 368T571 393Z\"><\/path><\/svg>\t\t\t<\/div>\n\t\t\t<select name=\"form_fields[field_042b7dc]\" id=\"form-field-field_042b7dc\" class=\"elementor-field-textual elementor-size-sm\" required=\"required\">\n\t\t\t\t\t\t\t\t\t<option value=\"Seleccione\">Seleccione<\/option>\n\t\t\t\t\t\t\t\t\t<option value=\"A. Bajo.\">A. Bajo.<\/option>\n\t\t\t\t\t\t\t\t\t<option value=\"B. Razonable.\">B. Razonable.<\/option>\n\t\t\t\t\t\t\t\t\t<option value=\"C. Alto\">C. Alto<\/option>\n\t\t\t\t\t\t\t\t\t<option value=\"D. Desmesurado.\">D. Desmedido.<\/option>\n\t\t\t\t\t\t\t\t\t<option value=\"\"><\/option>\n\t\t\t\t\t\t\t<\/select>\n\t\t<\/div>\n\t\t\t\t\t\t<\/div>\n\t\t\t\t\t\t\t\t<div class=\"elementor-field-type-html elementor-field-group elementor-column elementor-field-group-field_4d9681b elementor-col-100\">\n\t\t\t\t\tCOMENTARIOS: Cualquier informaci\u00f3n que considere relevante en este apartado.\t\t\t\t<\/div>\n\t\t\t\t\t\t\t\t<div class=\"elementor-field-type-select elementor-field-group elementor-column elementor-field-group-field_b69ec8e elementor-col-100 elementor-field-required\">\n\t\t\t\t\t\t\t\t\t\t\t\t<label for=\"form-field-field_b69ec8e\" class=\"elementor-field-label\">\n\t\t\t\t\t\t\t\t10. \u00bfQu\u00e9 motivos le han llevado a rellenar este formulario?\t\t\t\t\t\t\t<\/label>\n\t\t\t\t\t\t\t\t<div class=\"elementor-field elementor-select-wrapper remove-before\">\n\t\t\t<div class=\"select-caret-down-wrapper\">\n\t\t\t\t<svg aria-hidden=\"true\" class=\"e-font-icon-svg e-eicon-caret-down\" viewbox=\"0 0 571.4 571.4\" xmlns=\"http:\/\/www.w3.org\/2000\/svg\"><path d=\"M571 393Q571 407 561 418L311 668Q300 679 286 679T261 668L11 418Q0 407 0 393T11 368 36 357H536Q550 357 561 368T571 393Z\"><\/path><\/svg>\t\t\t<\/div>\n\t\t\t<select name=\"form_fields[field_b69ec8e]\" id=\"form-field-field_b69ec8e\" class=\"elementor-field-textual elementor-size-sm\" required=\"required\">\n\t\t\t\t\t\t\t\t\t<option value=\"Seleccione\">Seleccione<\/option>\n\t\t\t\t\t\t\t\t\t<option value=\"A. Curiosidad por conocer el grado de eficiencia de mi vivienda.\">A. Curiosidad por conocer el grado de eficiencia de mi vivienda.<\/option>\n\t\t\t\t\t\t\t\t\t<option value=\"B. Inter\u00e9s por mejorar un aspecto concreto.\">B. Inter\u00e9s por mejorar un aspecto concreto.<\/option>\n\t\t\t\t\t\t\t\t\t<option value=\"C. Otros.\">C. Otros.<\/option>\n\t\t\t\t\t\t\t\t\t<option value=\"\"><\/option>\n\t\t\t\t\t\t\t<\/select>\n\t\t<\/div>\n\t\t\t\t\t\t<\/div>\n\t\t\t\t\t\t\t\t<div class=\"elementor-field-type-html elementor-field-group elementor-column elementor-field-group-field_9ca5c4b elementor-col-100\">\n\t\t\t\t\tCOMENTARIOS: \u00bfQu\u00e9 aspecto quiere mejorar o cualquier otra informaci\u00f3n que considere relevante en este apartat.\t\t\t\t<\/div>\n\t\t\t\t\t\t\t\t<div class=\"elementor-field-group elementor-column elementor-field-type-submit elementor-col-100 e-form__buttons\">\n\t\t\t\t\t<button class=\"elementor-button elementor-size-sm\" type=\"submit\">\n\t\t\t\t\t\t<span class=\"elementor-button-content-wrapper\">\n\t\t\t\t\t\t\t\t\t\t\t\t\t\t\t\t\t\t\t\t\t\t<span class=\"elementor-button-text\">Enviar<\/span>\n\t\t\t\t\t\t\t\t\t\t\t\t\t<\/span>\n\t\t\t\t\t<\/button>\n\t\t\t\t<\/div>\n\t\t\t<\/div>\n\t\t<input type=\"hidden\" name=\"trp-form-language\" value=\"es\"\/><\/form>\n\t\t\t\t\t\t<\/div>\n\t\t\t\t<\/div>\n\t\t\t\t\t<\/div>\n\t\t\t\t<\/div>\n\t\t\t\t<\/div>","protected":false},"excerpt":{"rendered":"","protected":false},"author":1,"featured_media":0,"parent":0,"menu_order":0,"comment_status":"closed","ping_status":"closed","template":"","meta":{"footnotes":""},"class_list":["post-674","page","type-page","status-publish","hentry"],"_links":{"self":[{"href":"https:\/\/espaielectric.com\/es\/wp-json\/wp\/v2\/pages\/674","targetHints":{"allow":["GET"]}}],"collection":[{"href":"https:\/\/espaielectric.com\/es\/wp-json\/wp\/v2\/pages"}],"about":[{"href":"https:\/\/espaielectric.com\/es\/wp-json\/wp\/v2\/types\/page"}],"author":[{"embeddable":true,"href":"https:\/\/espaielectric.com\/es\/wp-json\/wp\/v2\/users\/1"}],"replies":[{"embeddable":true,"href":"https:\/\/espaielectric.com\/es\/wp-json\/wp\/v2\/comments?post=674"}],"version-history":[{"count":16,"href":"https:\/\/espaielectric.com\/es\/wp-json\/wp\/v2\/pages\/674\/revisions"}],"predecessor-version":[{"id":703,"href":"https:\/\/espaielectric.com\/es\/wp-json\/wp\/v2\/pages\/674\/revisions\/703"}],"wp:attachment":[{"href":"https:\/\/espaielectric.com\/es\/wp-json\/wp\/v2\/media?parent=674"}],"curies":[{"name":"wp","href":"https:\/\/api.w.org\/{rel}","templated":true}]}}